{"id":377,"date":"2018-10-04T14:43:36","date_gmt":"2018-10-04T13:43:36","guid":{"rendered":"http:\/\/ocean-center-blog.clarityproject.de\/?page_id=377"},"modified":"2021-06-30T09:00:46","modified_gmt":"2021-06-30T08:00:46","slug":"nishkam-l-koch","status":"publish","type":"page","link":"https:\/\/ocean-center.com\/?page_id=377","title":{"rendered":"Nishkams Weg"},"content":{"rendered":"<div id=\"attachment_467\" style=\"width: 235px\" class=\"wp-caption alignleft\"><a href=\"http:\/\/ocean-center-blog.clarityproject.de\/wp-content\/uploads\/2021\/06\/P6140416-scaled.jpg\"><img aria-describedby=\"caption-attachment-467\" decoding=\"async\" loading=\"lazy\" class=\"size-medium wp-image-467\" src=\"http:\/\/ocean-center-blog.clarityproject.de\/wp-content\/uploads\/2021\/06\/P6140416-225x300.jpg\" alt=\"\" width=\"225\" height=\"300\" srcset=\"https:\/\/ocean-center.com\/wp-content\/uploads\/2021\/06\/P6140416-225x300.jpg 225w, https:\/\/ocean-center.com\/wp-content\/uploads\/2021\/06\/P6140416-768x1024.jpg 768w, https:\/\/ocean-center.com\/wp-content\/uploads\/2021\/06\/P6140416-1152x1536.jpg 1152w, https:\/\/ocean-center.com\/wp-content\/uploads\/2021\/06\/P6140416-1536x2048.jpg 1536w, https:\/\/ocean-center.com\/wp-content\/uploads\/2021\/06\/P6140416-scaled.jpg 1920w\" sizes=\"(max-width: 225px) 100vw, 225px\" \/><\/a><p id=\"caption-attachment-467\" class=\"wp-caption-text\">Nishkam<\/p><\/div>\n<p><strong>Nishkam L. Koch\u00a0<\/strong>lebt seit 1988 auf der Nordseeinsel Sylt. Hier war er als studierter Biologie \u00a0jahrelang professionell im Natur- und Umweltschutz t\u00e4tig- heute setzt er sich weiter auf ehrenamtlicher Basis f\u00fcr die \u00d6kologie und Sch\u00f6nheit der Insel und des Meeres ein.<\/p>\n<p>Die Begeisterung f\u00fcr die innere Suche nach dem Sinn unserer Existenz und die Faszination \u00fcber die Mystik hinter den Dingen und dar\u00fcber, wie sich die menschliche Psyche entwickeln und wandeln kann, brachte ihn jedoch auf einen anderen Weg, den er heute professionell praktiziert: Die Gruppenarbeit mit Menschen, die sich auf heilsame Sinnsuche begeben, mit Hilfe eines genialen Wachstumprozesses (<a href=\"http:\/\/www.claarityproject.de\">ClarityProcess<\/a> nach Jeru Kabbal).<\/p>\n<p>Mitte der 1980iger Jahre begann seine spirituelle Reise mit indianischen Ritualerfahrungen in der Begegnung mit Lakota Medizinm\u00e4nnern (Lame Deer\/ Elmar Runnings). Seit 1990 machte er Erfahrungen in therapeutischer Gruppenarbeit, Licht-und Schattenarbeit, wurde zum Reikimeister eingeweiht, erfuhr das Osho-TherapeutenTraining (OTT) bei RAGAAS, experimentierte mit Meditationstechniken (von Osho \u00fcber Kabbal bis Adyashanti), lernte die Dehypnotherapie von Jeru Kabbal und die \u00a0Mentalfeldtherapie von Dietrich Klinghardt kennen.<br \/>\nZwischen 1996-2005 liess er sich von Jeru Kabbal und dessen Sch\u00fclerin Naveen zum ClarityTrainer\u00ae ausbilden. Inzwischen ist er auch durch die zust\u00e4ndige Beh\u00f6rde zertifiziert als psychologischer Berater und \u00a0staatlich gepr\u00fcfter Heilpraktiker f\u00fcr Psychotherapie. In dem Rahmen bildete er sich in der EMDR- und Brainspotting-Methode, sowie Hypnotherapie f\u00fcr die Einzelarbeit weiter.<\/p>\n<p>2006 lernte er Douglas Harding und Richard Lang auf einem Headless-Workshop in England kennen und wurde vom Weg des englischen Mystikers Harding inspiriert. Nishkam ist einer der wenigen, die auch diese wunderbar schnell Perspektive zum &#8220;Aufwachen&#8221; ausdem metaphysischen Traum in deutsch weitergeben.<\/p>\n<p>Nishkam gibt bereits seit dem Tod Kabbals im Jahr 2000 eigene Wachstums-Kurse und ist Koordinator des ClarityProjects\u00ae, sowie \u00dcbersetzer und Herausgeber von Kabbals Schriften \u00a0ins Deutsche, sowie Autor und Co-Autor mehrerer B\u00fccher. Im Jahr 2003 liess er seine feste Anstellung gehen, um sich ganz der Weitergabe von dessen Werk zu widmen.<\/p>\n<p>Auf Sylt bietet er mit seiner Lebenspartnerin Youvan im <a href=\"http:\/\/5353229.swh.strato-hosting.eu\/oceancenter\/\" target=\"_blank\" rel=\"noopener\">OCEAN CENTER SYLT<\/a> Meditationen und Einzelsitzungen an und betreut das weltweit umfassenste Jeru Kabbal-Archiv.<\/p>\n","protected":false},"excerpt":{"rendered":"<p>Nishkam L. Koch\u00a0lebt seit 1988 auf der Nordseeinsel Sylt. Hier war er als studierter Biologie \u00a0jahrelang professionell im Natur- und Umweltschutz t\u00e4tig- heute setzt er sich weiter auf ehrenamtlicher Basis f\u00fcr die \u00d6kologie und Sch\u00f6nheit der Insel und des Meeres ein. Die Begeisterung f\u00fcr die <span class=\"ellipsis\">&hellip;<\/span> <span class=\"more-link-wrap\"><a href=\"https:\/\/ocean-center.com\/?page_id=377\" class=\"more-link\"><span>Read More<\/span><\/a><\/span><\/p>\n","protected":false},"author":1,"featured_media":0,"parent":386,"menu_order":0,"comment_status":"closed","ping_status":"closed","template":"","meta":{"spay_email":""},"jetpack_shortlink":"https:\/\/wp.me\/P39Nno-65","jetpack_sharing_enabled":true,"_links":{"self":[{"href":"https:\/\/ocean-center.com\/index.php?rest_route=\/wp\/v2\/pages\/377"}],"collection":[{"href":"https:\/\/ocean-center.com\/index.php?rest_route=\/wp\/v2\/pages"}],"about":[{"href":"https:\/\/ocean-center.com\/index.php?rest_route=\/wp\/v2\/types\/page"}],"author":[{"embeddable":true,"href":"https:\/\/ocean-center.com\/index.php?rest_route=\/wp\/v2\/users\/1"}],"replies":[{"embeddable":true,"href":"https:\/\/ocean-center.com\/index.php?rest_route=%2Fwp%2Fv2%2Fcomments&post=377"}],"version-history":[{"count":10,"href":"https:\/\/ocean-center.com\/index.php?rest_route=\/wp\/v2\/pages\/377\/revisions"}],"predecessor-version":[{"id":469,"href":"https:\/\/ocean-center.com\/index.php?rest_route=\/wp\/v2\/pages\/377\/revisions\/469"}],"up":[{"embeddable":true,"href":"https:\/\/ocean-center.com\/index.php?rest_route=\/wp\/v2\/pages\/386"}],"wp:attachment":[{"href":"https:\/\/ocean-center.com\/index.php?rest_route=%2Fwp%2Fv2%2Fmedia&parent=377"}],"curies":[{"name":"wp","href":"https:\/\/api.w.org\/{rel}","templated":true}]}}